{"id":203,"date":"2025-10-17T01:55:16","date_gmt":"2025-10-17T01:55:16","guid":{"rendered":"https:\/\/anuncios.am4digital.xyz\/?page_id=203"},"modified":"2025-10-17T01:57:16","modified_gmt":"2025-10-17T01:57:16","slug":"203-2","status":"publish","type":"page","link":"https:\/\/anuncios.am4digital.xyz\/en\/203-2\/","title":{"rendered":"Terms and conditions"},"content":{"rendered":"<h1 class=\"wp-block-heading\">Terms and conditions<\/h1>\n\n\n\n<h2 class=\"wp-block-heading\">Aviso legal<\/h2>\n\n\n\n<p><strong>Dominio:<\/strong> <code>anunciosam4digital.xyz<\/code><\/p>\n\n\n\n<p><strong>Naturaleza del Sitio:<\/strong> Este dominio y espacio de alojamiento (<code>hosting<\/code>) han sido <strong>temporalmente arrendados<\/strong> a un tercero con el \u00fanico fin de promocionar la renta de una propiedad (casa) espec\u00edfica.<\/p>\n\n\n\n<h3 class=\"wp-block-heading\"><\/h3>\n\n\n\n<h2 class=\"wp-block-heading\">Deslinde de Responsabilidad:<\/h2>\n\n\n\n<p><strong>anunciosam4digital.xyz NO es el propietario ni el gestor directo de la propiedad anunciada.<\/strong> Nuestra funci\u00f3n se limita a la provisi\u00f3n del espacio digital (dominio y <em>hosting<\/em>) para el contenido de un tercero (el arrendatario).<\/p>\n\n\n\n<p>Por lo tanto:<\/p>\n\n\n\n<ol start=\"1\" class=\"wp-block-list\">\n<li><strong>Contenido Publicado:<\/strong> <code>anunciosam4digital.xyz<\/code> no se hace responsable por la exactitud, veracidad, legalidad o integridad del contenido (texto, im\u00e1genes o datos de contacto) publicado por el arrendatario en esta p\u00e1gina.<\/li>\n\n\n\n<li><strong>Uso de la Informaci\u00f3n Recopilada:<\/strong> Cualquier dato o informaci\u00f3n que los usuarios proporcionen al arrendatario a trav\u00e9s de los formularios de contacto o de cualquier otro medio en este sitio es <strong>responsabilidad exclusiva del arrendatario<\/strong>. <code>anunciosam4digital.xyz<\/code> <strong>se deslinda de cualquier mal uso, gesti\u00f3n, almacenamiento o tratamiento<\/strong> que el arrendatario d\u00e9 a la informaci\u00f3n personal o de contacto recopilada a trav\u00e9s de su publicidad.<\/li>\n\n\n\n<li><strong>Vigencia:<\/strong> La informaci\u00f3n sobre la propiedad se eliminar\u00e1 de este dominio tan pronto como finalice el periodo de arrendamiento o la propiedad sea rentada.<\/li>\n<\/ol>\n\n\n\n<p><strong>Recomendamos encarecidamente a los usuarios ejercer cautela y verificar la informaci\u00f3n directamente con el contacto proporcionado por el arrendatario.<\/strong><\/p>\n\n\n\n<h2 class=\"wp-block-heading\">Ir a <a href=\"https:\/\/anuncios.am4digital.xyz\/en\/\" data-type=\"page\" data-id=\"42\">Home<\/a>.<\/h2>\n\n\n\n<p><\/p>","protected":false},"excerpt":{"rendered":"<p>T\u00e9rminos y condiciones Aviso legal Dominio: anunciosam4digital.xyz Naturaleza del Sitio: Este dominio y espacio de alojamiento (hosting) han sido temporalmente arrendados a un tercero con el \u00fanico fin de promocionar la renta de una propiedad (casa) espec\u00edfica. Deslinde de Responsabilidad: anunciosam4digital.xyz NO es el propietario ni el gestor directo de la propiedad anunciada. Nuestra funci\u00f3n [&hellip;]<\/p>","protected":false},"author":1,"featured_media":0,"parent":0,"menu_order":0,"comment_status":"closed","ping_status":"closed","template":"elementor_header_footer","meta":{"ocean_post_layout":"","ocean_both_sidebars_style":"","ocean_both_sidebars_content_width":0,"ocean_both_sidebars_sidebars_width":0,"ocean_sidebar":"","ocean_second_sidebar":"","ocean_disable_margins":"enable","ocean_add_body_class":"","ocean_shortcode_before_top_bar":"","ocean_shortcode_after_top_bar":"","ocean_shortcode_before_header":"","ocean_shortcode_after_header":"","ocean_has_shortcode":"","ocean_shortcode_after_title":"","ocean_shortcode_before_footer_widgets":"","ocean_shortcode_after_footer_widgets":"","ocean_shortcode_before_footer_bottom":"","ocean_shortcode_after_footer_bottom":"","ocean_display_top_bar":"default","ocean_display_header":"default","ocean_header_style":"","ocean_center_header_left_menu":"","ocean_custom_header_template":"","ocean_custom_logo":0,"ocean_custom_retina_logo":0,"ocean_custom_logo_max_width":0,"ocean_custom_logo_tablet_max_width":0,"ocean_custom_logo_mobile_max_width":0,"ocean_custom_logo_max_height":0,"ocean_custom_logo_tablet_max_height":0,"ocean_custom_logo_mobile_max_height":0,"ocean_header_custom_menu":"","ocean_menu_typo_font_family":"","ocean_menu_typo_font_subset":"","ocean_menu_typo_font_size":0,"ocean_menu_typo_font_size_tablet":0,"ocean_menu_typo_font_size_mobile":0,"ocean_menu_typo_font_size_unit":"px","ocean_menu_typo_font_weight":"","ocean_menu_typo_font_weight_tablet":"","ocean_menu_typo_font_weight_mobile":"","ocean_menu_typo_transform":"","ocean_menu_typo_transform_tablet":"","ocean_menu_typo_transform_mobile":"","ocean_menu_typo_line_height":0,"ocean_menu_typo_line_height_tablet":0,"ocean_menu_typo_line_height_mobile":0,"ocean_menu_typo_line_height_unit":"","ocean_menu_typo_spacing":0,"ocean_menu_typo_spacing_tablet":0,"ocean_menu_typo_spacing_mobile":0,"ocean_menu_typo_spacing_unit":"","ocean_menu_link_color":"","ocean_menu_link_color_hover":"","ocean_menu_link_color_active":"","ocean_menu_link_background":"","ocean_menu_link_hover_background":"","ocean_menu_link_active_background":"","ocean_menu_social_links_bg":"","ocean_menu_social_hover_links_bg":"","ocean_menu_social_links_color":"","ocean_menu_social_hover_links_color":"","ocean_disable_title":"default","ocean_disable_heading":"default","ocean_post_title":"","ocean_post_subheading":"","ocean_post_title_style":"","ocean_post_title_background_color":"","ocean_post_title_background":0,"ocean_post_title_bg_image_position":"","ocean_post_title_bg_image_attachment":"","ocean_post_title_bg_image_repeat":"","ocean_post_title_bg_image_size":"","ocean_post_title_height":0,"ocean_post_title_bg_overlay":0.5,"ocean_post_title_bg_overlay_color":"","ocean_disable_breadcrumbs":"default","ocean_breadcrumbs_color":"","ocean_breadcrumbs_separator_color":"","ocean_breadcrumbs_links_color":"","ocean_breadcrumbs_links_hover_color":"","ocean_display_footer_widgets":"default","ocean_display_footer_bottom":"default","ocean_custom_footer_template":"","footnotes":""},"class_list":["post-203","page","type-page","status-publish","hentry","entry"],"_links":{"self":[{"href":"https:\/\/anuncios.am4digital.xyz\/en\/wp-json\/wp\/v2\/pages\/203","targetHints":{"allow":["GET"]}}],"collection":[{"href":"https:\/\/anuncios.am4digital.xyz\/en\/wp-json\/wp\/v2\/pages"}],"about":[{"href":"https:\/\/anuncios.am4digital.xyz\/en\/wp-json\/wp\/v2\/types\/page"}],"author":[{"embeddable":true,"href":"https:\/\/anuncios.am4digital.xyz\/en\/wp-json\/wp\/v2\/users\/1"}],"replies":[{"embeddable":true,"href":"https:\/\/anuncios.am4digital.xyz\/en\/wp-json\/wp\/v2\/comments?post=203"}],"version-history":[{"count":3,"href":"https:\/\/anuncios.am4digital.xyz\/en\/wp-json\/wp\/v2\/pages\/203\/revisions"}],"predecessor-version":[{"id":206,"href":"https:\/\/anuncios.am4digital.xyz\/en\/wp-json\/wp\/v2\/pages\/203\/revisions\/206"}],"wp:attachment":[{"href":"https:\/\/anuncios.am4digital.xyz\/en\/wp-json\/wp\/v2\/media?parent=203"}],"curies":[{"name":"wp","href":"https:\/\/api.w.org\/{rel}","templated":true}]}}